{"id":286,"date":"2016-10-31T13:17:59","date_gmt":"2016-10-31T16:17:59","guid":{"rendered":"https:\/\/ifd6-nqn.infd.edu.ar\/sitio\/?page_id=286"},"modified":"2026-02-10T10:21:17","modified_gmt":"2026-02-10T13:21:17","slug":"inicio","status":"publish","type":"page","link":"https:\/\/ifd6-nqn.infd.edu.ar\/sitio\/","title":{"rendered":"Inicio"},"content":{"rendered":"\n<h3 class=\"wp-block-heading has-text-align-center has-text-color has-background\" style=\"color:#222222;background-color:#efa528\"><strong>PRE-INSCRIPCI\u00d3N ONLINE<\/strong> <br>INGRESANTES A 1ER A\u00d1O CICLO LECTIVO 2026 <br><em>Prof de Nivel INICIAL y Prof de Nivel PRIMARIO<\/em> <br>Desde el 09\/02 al 06\/03 se encontrar\u00e1 habilitado en el siguiente enlace:<br><a rel=\"noreferrer noopener\" href=\"https:\/\/forms.gle\/GAonbcqEAsizvM576\" target=\"_blank\">https:\/\/forms.gle\/GAonbcqEAsizvM576<\/a><\/h3>\n\n\n\n<p class=\"has-text-color has-background\" style=\"color:#222222;background-color:#efa528\"><strong>IMPORTANTE:<\/strong> leer el plan de estudio y <a rel=\"noreferrer noopener\" href=\"https:\/\/drive.google.com\/file\/d\/1s8XxRlKU7otvxgJuuoZTu6diXEt0pD0Y\/view\" data-type=\"URL\" data-id=\"https:\/\/drive.google.com\/file\/d\/1s8XxRlKU7otvxgJuuoZTu6diXEt0pD0Y\/view\" target=\"_blank\">Resoluci\u00f3n N\u00ba 661\/14<\/a> (R\u00e9gimen Acad\u00e9mico de Correlatividades para los Planes de estudio N\u00ba 395\/639 (Profesorado de Educ Primaria) y N\u00ba 396\/640 (Profesorado de Educ Inicial).<br><br>El presente formulario es una PRE-INSCRIPCI\u00d3N al ciclo lectivo 2026, por lo que para quedar efectivamente inscripto se deber\u00e1 presentar la documentaci\u00f3n (en un FOLIO TIPO OFICIO) seg\u00fan se detalla debidamente legalizada: <br>-Dos fotos carnet <br>-Fotocopia legalizada de: <br>DNI ( frente y reverso) <br>PARTIDA DE NACIMIENTO <br>TITULO SECUNDARIO \/ CERTIFICADO ANALITICO (En caso de adeudar materias de Nivel Medio, presentar CONSTANCIA DE FINALIZACI\u00d3N, emitida por el colegio secundario). <br><br>Presentar toda la documentaci\u00f3n y formulario de inscripci\u00f3n impreso y firmado en FOLIO TIPO OFICIO en el turno en que se inscribi\u00f3. Podr\u00e1 legalizarse la documentaci\u00f3n en este instituto, al momento de presentarla, siempre acompa\u00f1\u00e1ndose de la documentaci\u00f3n ORIGINAL.<\/p>\n\n\n\n<p><\/p>\n\n\n\n<h4 class=\"wp-block-heading has-text-align-center\">\u00bfQueres ser Profe? Estudi\u00e1 en el ISFD N\u00b06<\/h4>\n\n\n\n<h6 class=\"wp-block-heading has-text-align-center\"><a href=\"https:\/\/drive.google.com\/file\/d\/1NO2E6Vzm8h2NoGFLKmFXwt8VImm7j9Ul\/view\"><img decoding=\"async\" loading=\"lazy\" class=\"wp-image-2390 alignleft\" src=\"https:\/\/ifd6-nqn.infd.edu.ar\/sitio\/wp-content\/uploads\/2024\/11\/PEI.png\" alt=\"\" width=\"250\" height=\"248\"><\/a> <a href=\"https:\/\/drive.google.com\/file\/d\/1USriTX-pTRNaXfkASxGziXZHV1mFB2Pe\/view?usp=drivesdk\"><img decoding=\"async\" loading=\"lazy\" class=\"wp-image-2391 alignright\" src=\"https:\/\/ifd6-nqn.infd.edu.ar\/sitio\/wp-content\/uploads\/2024\/11\/PEP.png\" alt=\"\" width=\"249\" height=\"250\"><\/a><a href=\"https:\/\/drive.google.com\/file\/d\/1NO2E6Vzm8h2NoGFLKmFXwt8VImm7j9Ul\/view\">Profesorado de Educaci\u00f3n Inicial. Plan N\u00ba 640<\/a><br><a href=\"https:\/\/drive.google.com\/file\/d\/1USriTX-pTRNaXfkASxGziXZHV1mFB2Pe\/view?usp=drivesdk\">Profesorado de Educaci\u00f3n Primaria. Plan N\u00ba 639<\/a><br><strong>Duraci\u00f3n de cada Profesorado: 4 a\u00f1os<\/strong><\/h6>\n\n\n\n<p class=\"has-text-align-center\"><strong>Horarios de cursado:<\/strong> <br><strong>Turno Ma\u00f1ana:<\/strong> De 08.00 a 13.00hs<br><strong>Turno Vespertino:<\/strong> De 17.45 a 22.45hs. <\/p>\n\n\n\n<hr class=\"wp-block-separator has-alpha-channel-opacity\"\/>\n\n\n\n<h1 class=\"wp-block-heading has-text-align-center has-base-3-color has-text-color has-background\" style=\"background-color:#334fa2\">Galer\u00eda 2025<\/h1>\n\n\n\n<div class=\"alignfull\"><div id=\"metaslider-id-2637\" style=\"width: 100%;\" class=\"ml-slider-3-33-0 metaslider metaslider-nivo metaslider-2637 ml-slider ms-theme-nivo-light\" role=\"region\" aria-roledescription=\"Slideshow\" aria-label=\"Slideshow\">\n    <div id=\"metaslider_container_2637\">\n        <div class='slider-wrapper theme-default'><div class='ribbon'><\/div><div id='metaslider_2637' class='nivoSlider'><img src=\"https:\/\/ifd6-nqn.infd.edu.ar\/sitio\/wp-content\/uploads\/2025\/10\/PHOTO-2025-09-27-09-32-20-1-1600x900.jpg\" height=\"900\" width=\"1600\" title=\"PHOTO-2025-09-27-09-32-20 (1)\" alt=\"\" class=\"slider-2637 slide-2777\" \/><img src=\"https:\/\/ifd6-nqn.infd.edu.ar\/sitio\/wp-content\/uploads\/2025\/10\/PHOTO-2025-09-27-09-24-07-17-1600x900.jpg\" height=\"900\" width=\"1600\" title=\"PHOTO-2025-09-27-09-24-07 (17)\" alt=\"\" class=\"slider-2637 slide-2772\" \/><img src=\"https:\/\/ifd6-nqn.infd.edu.ar\/sitio\/wp-content\/uploads\/2025\/10\/IMG-20250901-WA0015-1600x900.jpg\" height=\"900\" width=\"1600\" title=\"IMG-20250901-WA0015\" alt=\"\" class=\"slider-2637 slide-2744\" \/><img src=\"https:\/\/ifd6-nqn.infd.edu.ar\/sitio\/wp-content\/uploads\/2025\/10\/WhatsApp-Image-2025-09-26-at-20.38.00-1600x900.jpeg\" height=\"900\" width=\"1600\" title=\"WhatsApp Image 2025-09-26 at 20.38.00\" alt=\"\" class=\"slider-2637 slide-2814\" \/><img src=\"https:\/\/ifd6-nqn.infd.edu.ar\/sitio\/wp-content\/uploads\/2025\/10\/IMG-20250905-WA0006-1600x900.jpg\" height=\"900\" width=\"1600\" title=\"IMG-20250905-WA0006\" alt=\"\" class=\"slider-2637 slide-2745\" \/><img src=\"https:\/\/ifd6-nqn.infd.edu.ar\/sitio\/wp-content\/uploads\/2025\/10\/IMG-20250827-WA0159-scaled-1600x900.jpeg\" height=\"900\" width=\"1600\" title=\"IMG-20250827-WA0159\" alt=\"\" class=\"slider-2637 slide-2729\" \/><img src=\"https:\/\/ifd6-nqn.infd.edu.ar\/sitio\/wp-content\/uploads\/2025\/10\/IMG-20250827-WA0163-scaled-1600x900.jpeg\" height=\"900\" width=\"1600\" title=\"IMG-20250827-WA0163\" alt=\"\" class=\"slider-2637 slide-2731\" \/><img src=\"https:\/\/ifd6-nqn.infd.edu.ar\/sitio\/wp-content\/uploads\/2025\/10\/IMG-20250827-WA0171-scaled-1600x900.jpeg\" height=\"900\" width=\"1600\" title=\"IMG-20250827-WA0171\" alt=\"\" class=\"slider-2637 slide-2734\" \/><img src=\"https:\/\/ifd6-nqn.infd.edu.ar\/sitio\/wp-content\/uploads\/2025\/10\/IMG-20250827-WA0177-scaled-1600x900.jpeg\" height=\"900\" width=\"1600\" title=\"IMG-20250827-WA0177\" alt=\"\" class=\"slider-2637 slide-2737\" \/><img src=\"https:\/\/ifd6-nqn.infd.edu.ar\/sitio\/wp-content\/uploads\/2025\/10\/IMG-20250910-WA0060-scaled-1600x900.jpeg\" height=\"900\" width=\"1600\" title=\"IMG-20250910-WA0060\" alt=\"\" class=\"slider-2637 slide-2747\" \/><img src=\"https:\/\/ifd6-nqn.infd.edu.ar\/sitio\/wp-content\/uploads\/2025\/10\/IMG-20250827-WA0189-scaled-1600x900.jpeg\" height=\"900\" width=\"1600\" title=\"IMG-20250827-WA0189\" alt=\"\" class=\"slider-2637 slide-2743\" \/><img src=\"https:\/\/ifd6-nqn.infd.edu.ar\/sitio\/wp-content\/uploads\/2025\/10\/IMG-20250910-WA0085-scaled-1600x900.jpeg\" height=\"900\" width=\"1600\" title=\"IMG-20250910-WA0085\" alt=\"\" class=\"slider-2637 slide-2757\" \/><img src=\"https:\/\/ifd6-nqn.infd.edu.ar\/sitio\/wp-content\/uploads\/2025\/10\/PHOTO-2025-09-27-09-24-06-1-1600x900.jpg\" height=\"900\" width=\"1600\" title=\"PHOTO-2025-09-27-09-24-06 (1)\" alt=\"\" class=\"slider-2637 slide-2761\" \/><img src=\"https:\/\/ifd6-nqn.infd.edu.ar\/sitio\/wp-content\/uploads\/2025\/10\/PHOTO-2025-09-27-09-24-07-5-1600x900.jpg\" height=\"900\" width=\"1600\" title=\"PHOTO-2025-09-27-09-24-07 (5)\" alt=\"\" class=\"slider-2637 slide-2764\" \/><img src=\"https:\/\/ifd6-nqn.infd.edu.ar\/sitio\/wp-content\/uploads\/2025\/10\/PHOTO-2025-09-27-09-24-07-9-1600x900.jpg\" height=\"900\" width=\"1600\" title=\"PHOTO-2025-09-27-09-24-07 (9)\" alt=\"\" class=\"slider-2637 slide-2766\" \/><img src=\"https:\/\/ifd6-nqn.infd.edu.ar\/sitio\/wp-content\/uploads\/2025\/10\/PHOTO-2025-09-27-09-24-07-11-1600x900.jpg\" height=\"900\" width=\"1600\" title=\"PHOTO-2025-09-27-09-24-07 (11)\" alt=\"\" class=\"slider-2637 slide-2767\" \/><img src=\"https:\/\/ifd6-nqn.infd.edu.ar\/sitio\/wp-content\/uploads\/2025\/10\/PHOTO-2025-09-27-09-24-07-15-1600x900.jpg\" height=\"900\" width=\"1600\" title=\"PHOTO-2025-09-27-09-24-07 (15)\" alt=\"\" class=\"slider-2637 slide-2770\" \/><img src=\"https:\/\/ifd6-nqn.infd.edu.ar\/sitio\/wp-content\/uploads\/2025\/10\/PHOTO-2025-09-27-09-24-07-16-1600x900.jpg\" height=\"900\" width=\"1600\" title=\"PHOTO-2025-09-27-09-24-07 (16)\" alt=\"\" class=\"slider-2637 slide-2771\" \/><img src=\"https:\/\/ifd6-nqn.infd.edu.ar\/sitio\/wp-content\/uploads\/2025\/10\/PHOTO-2025-09-27-09-24-07-20-1600x900.jpg\" height=\"900\" width=\"1600\" title=\"PHOTO-2025-09-27-09-24-07 (20)\" alt=\"\" class=\"slider-2637 slide-2774\" \/><img src=\"https:\/\/ifd6-nqn.infd.edu.ar\/sitio\/wp-content\/uploads\/2025\/10\/PHOTO-2025-09-27-09-29-58-3-1600x900.jpg\" height=\"900\" width=\"1600\" title=\"PHOTO-2025-09-27-09-29-58 (3)\" alt=\"\" class=\"slider-2637 slide-2776\" \/><img src=\"https:\/\/ifd6-nqn.infd.edu.ar\/sitio\/wp-content\/uploads\/2025\/10\/PHOTO-2025-09-27-09-24-07-6-1600x900.jpg\" height=\"900\" width=\"1600\" title=\"PHOTO-2025-09-27-09-24-07 (6)\" alt=\"\" class=\"slider-2637 slide-2765\" \/><img src=\"https:\/\/ifd6-nqn.infd.edu.ar\/sitio\/wp-content\/uploads\/2025\/10\/PHOTO-2025-09-27-09-35-20-2-1600x900.jpg\" height=\"900\" width=\"1600\" title=\"PHOTO-2025-09-27-09-35-20 (2)\" alt=\"\" class=\"slider-2637 slide-2779\" \/><img src=\"https:\/\/ifd6-nqn.infd.edu.ar\/sitio\/wp-content\/uploads\/2025\/10\/PHOTO-2025-09-27-09-38-50-5-1600x900.jpg\" height=\"900\" width=\"1600\" title=\"PHOTO-2025-09-27-09-38-50 (5)\" alt=\"\" class=\"slider-2637 slide-2785\" \/><img src=\"https:\/\/ifd6-nqn.infd.edu.ar\/sitio\/wp-content\/uploads\/2025\/10\/PHOTO-2025-09-27-09-38-50-9-1600x900.jpg\" height=\"900\" width=\"1600\" title=\"PHOTO-2025-09-27-09-38-50 (9)\" alt=\"\" class=\"slider-2637 slide-2788\" \/><img src=\"https:\/\/ifd6-nqn.infd.edu.ar\/sitio\/wp-content\/uploads\/2025\/10\/PHOTO-2025-09-27-09-38-50-11-1600x900.jpg\" height=\"900\" width=\"1600\" title=\"PHOTO-2025-09-27-09-38-50 (11)\" alt=\"\" class=\"slider-2637 slide-2790\" \/><img src=\"https:\/\/ifd6-nqn.infd.edu.ar\/sitio\/wp-content\/uploads\/2025\/10\/PHOTO-2025-09-27-09-38-50-14-1600x900.jpg\" height=\"900\" width=\"1600\" title=\"PHOTO-2025-09-27-09-38-50 (14)\" alt=\"\" class=\"slider-2637 slide-2792\" \/><img src=\"https:\/\/ifd6-nqn.infd.edu.ar\/sitio\/wp-content\/uploads\/2025\/10\/PHOTO-2025-09-27-09-38-50-16-1600x900.jpg\" height=\"900\" width=\"1600\" title=\"PHOTO-2025-09-27-09-38-50 (16)\" alt=\"\" class=\"slider-2637 slide-2794\" \/><img src=\"https:\/\/ifd6-nqn.infd.edu.ar\/sitio\/wp-content\/uploads\/2025\/10\/PHOTO-2025-09-27-09-38-50-18-1600x900.jpg\" height=\"900\" width=\"1600\" title=\"PHOTO-2025-09-27-09-38-50 (18)\" alt=\"\" class=\"slider-2637 slide-2796\" \/><img src=\"https:\/\/ifd6-nqn.infd.edu.ar\/sitio\/wp-content\/uploads\/2025\/10\/PHOTO-2025-09-27-10-03-36-1-1600x900.jpg\" height=\"900\" width=\"1600\" title=\"PHOTO-2025-09-27-10-03-36 (1)\" alt=\"\" class=\"slider-2637 slide-2798\" \/><img src=\"https:\/\/ifd6-nqn.infd.edu.ar\/sitio\/wp-content\/uploads\/2025\/10\/WhatsApp-Image-2025-09-26-at-18.43.25-3-1600x900.jpeg\" height=\"900\" width=\"1600\" title=\"WhatsApp Image 2025-09-26 at 18.43.25 (3)\" alt=\"\" class=\"slider-2637 slide-2806\" \/><img src=\"https:\/\/ifd6-nqn.infd.edu.ar\/sitio\/wp-content\/uploads\/2025\/10\/WhatsApp-Image-2025-09-26-at-20.37.57.jpeg\" height=\"900\" width=\"1600\" title=\"WhatsApp Image 2025-09-26 at 20.37.57\" alt=\"\" class=\"slider-2637 slide-2810\" \/><img src=\"https:\/\/ifd6-nqn.infd.edu.ar\/sitio\/wp-content\/uploads\/2025\/10\/WhatsApp-Image-2025-09-26-at-20.37.59-2-1600x900.jpeg\" height=\"900\" width=\"1600\" title=\"WhatsApp Image 2025-09-26 at 20.37.59 (2)\" alt=\"\" class=\"slider-2637 slide-2812\" \/><\/div><\/div>\n        \n    <\/div>\n<\/div><\/div>\n\n\n\n<hr class=\"wp-block-separator aligncenter has-alpha-channel-opacity is-style-wide\"\/>\n\n\n<p style=\"margin-bottom: 0cm; text-align: center;\"><span style=\"color: #000080; font-size: 12pt;\"><strong><span style=\"font-family: Cambria,serif;\"><img decoding=\"async\" loading=\"lazy\" class=\"alignnone size-full wp-image-716\" src=\"https:\/\/ifd6-nqn.infd.edu.ar\/sitio\/wp-content\/uploads\/2018\/06\/2Idm2uEZbMEYgimagen_incrustada1.png\" alt=\"\" width=\"96\" height=\"96\"><\/span><\/strong><\/span><\/p>\n<pre style=\"text-align: center;\"><strong>Amancay 620 - Neuqu\u00e9n Capital<\/strong><br><em>Whatsapp Secretar\u00eda<\/em> (s\u00f3lo mensajes): <strong>299 6296959<\/strong><br><em>Correo electr\u00f3nico:<\/em> <strong>ifd006terciario@neuquen.edu.ar<\/strong><br><em>Correo para estudiantes turno ma\u00f1ana:<\/em> <strong>bedeliaifd6tm@gmail.com<\/strong><br><em>Correo para estudiantes turno vespertino:<\/em> <strong>bedeliavespertino@gmail.com<\/strong><\/pre>\n<h1 style=\"margin-bottom: 0cm; text-align: center;\"><span style=\"font-size: 12pt;\"><span style=\"font-family: Cambria,serif;\"><span lang=\"en-US\"><strong><span style=\"color: #000080;\">Sitio web<\/span><span style=\"color: #000080;\">:<\/span><\/strong>&nbsp;<span style=\"color: #0000ff;\">http:\/\/ifd6.nqn.infd.edu.ar \/ <span style=\"color: #333399;\"><a style=\"color: #333399;\" href=\"https:\/\/www.facebook.com\/profile.php?id=61577722058532&amp;mibextid=ZbWKwL\">Facebook<\/a><\/span><\/span><\/span><\/span><\/span><\/h1>\n<p><\/p>","protected":false},"excerpt":{"rendered":"<p>PRE-INSCRIPCI\u00d3N ONLINE INGRESANTES A 1ER A\u00d1O CICLO LECTIVO 2026 Prof de Nivel INICIAL y Prof de Nivel PRIMARIO Desde el 09\/02 al 06\/03 se encontrar\u00e1 habilitado en el siguiente enlace:https:\/\/forms.gle\/GAonbcqEAsizvM576 IMPORTANTE: leer el plan de estudio y Resoluci\u00f3n N\u00ba 661\/14 (R\u00e9gimen Acad\u00e9mico de Correlatividades para los Planes de estudio N\u00ba 395\/639 (Profesorado de Educ Primaria) &#8230; <a title=\"Inicio\" class=\"read-more\" href=\"https:\/\/ifd6-nqn.infd.edu.ar\/sitio\/\" aria-label=\"More on Inicio\">[+]<\/a><\/p>\n","protected":false},"author":1,"featured_media":0,"parent":0,"menu_order":0,"comment_status":"closed","ping_status":"closed","template":"","meta":[],"acf":[],"_links":{"self":[{"href":"https:\/\/ifd6-nqn.infd.edu.ar\/sitio\/wp-json\/wp\/v2\/pages\/286"}],"collection":[{"href":"https:\/\/ifd6-nqn.infd.edu.ar\/sitio\/wp-json\/wp\/v2\/pages"}],"about":[{"href":"https:\/\/ifd6-nqn.infd.edu.ar\/sitio\/wp-json\/wp\/v2\/types\/page"}],"author":[{"embeddable":true,"href":"https:\/\/ifd6-nqn.infd.edu.ar\/sitio\/wp-json\/wp\/v2\/users\/1"}],"replies":[{"embeddable":true,"href":"https:\/\/ifd6-nqn.infd.edu.ar\/sitio\/wp-json\/wp\/v2\/comments?post=286"}],"version-history":[{"count":523,"href":"https:\/\/ifd6-nqn.infd.edu.ar\/sitio\/wp-json\/wp\/v2\/pages\/286\/revisions"}],"predecessor-version":[{"id":2948,"href":"https:\/\/ifd6-nqn.infd.edu.ar\/sitio\/wp-json\/wp\/v2\/pages\/286\/revisions\/2948"}],"wp:attachment":[{"href":"https:\/\/ifd6-nqn.infd.edu.ar\/sitio\/wp-json\/wp\/v2\/media?parent=286"}],"curies":[{"name":"wp","href":"https:\/\/api.w.org\/{rel}","templated":true}]}}