{"id":880,"date":"2018-06-29T20:40:13","date_gmt":"2018-06-29T23:40:13","guid":{"rendered":"https:\/\/ifd6-nqn.infd.edu.ar\/sitio\/secretaria-de-investigacion\/"},"modified":"2025-09-30T22:45:19","modified_gmt":"2025-10-01T01:45:19","slug":"secretaria-de-investigacion","status":"publish","type":"page","link":"https:\/\/ifd6-nqn.infd.edu.ar\/sitio\/secretaria-de-investigacion\/","title":{"rendered":"Secretar\u00eda de Investigaci\u00f3n"},"content":{"rendered":"<p class=\"Titulo1\" style=\"text-align: right;\"><span style=\"color: #000080; font-size: 14pt; font-family: georgia, palatino;\"><strong><em>Prof. Luciana Scarpecci\u00a0<\/em><\/strong><\/span><\/p>\n<p class=\"Titulo1\" style=\"text-align: right;\"><span style=\"font-family: georgia, palatino, serif; font-size: 12pt; color: #18aba1;\"><em>Secretaria de Investigaci\u00f3n\u00a0<\/em><\/span><\/p>\n<p><span style=\"font-size: 14pt;\"><strong><em><span style=\"color: #000080; font-family: georgia, palatino;\"><img decoding=\"async\" loading=\"lazy\" style=\"display: block; margin-left: auto; margin-right: auto;\" src=\"http:\/\/images.fineartamerica.com\/images-medium-5\/dynamic-series-22-ricardo-chavez-mendez.jpg\" alt=\"Resultado de imagen para Ricardo Chavez Mendez\" width=\"289\" height=\"369\" border=\"0\" \/><\/span><\/em><\/strong><\/span><\/p>\n<p style=\"text-align: center;\"><span style=\"color: #219e9e;\"><span style=\"font-family: 'andale mono', times; font-size: 8pt;\"><span style=\"background-color: #ffffff;\">\u00a0<\/span><span style=\"font-family: georgia, palatino; color: #000080;\"><em><strong>Ricardo Ch\u00e1vez M\u00e9ndez\u00a0<\/strong><\/em><\/span><\/span><span style=\"font-family: 'andale mono', times; font-size: 8pt; color: #000080;\"><span style=\"font-family: georgia, palatino;\"><em><strong>(Torre\u00f3n, Coahuila, M\u00e9xico)<\/strong><\/em><\/span><\/span><\/span><\/p>\n<p style=\"text-align: center;\">\n<p style=\"text-align: left;\"><span style=\"font-size: 14pt; color: #000080;\">\u00a0<span style=\"font-family: georgia, palatino, serif;\"><strong>Prop\u00f3sitos<\/strong><\/span><\/span><\/p>\n<ul>\n<li style=\"text-align: justify;\"><strong><span style=\"color: #219e9e;\"><em><span style=\"font-size: 14pt; font-family: georgia, palatino;\">Asesorar en relaci\u00f3n al trabajo de investigaci\u00f3n.<\/span><\/em><\/span><\/strong><\/li>\n<li style=\"text-align: justify;\"><strong><span style=\"color: #219e9e;\"><em><span style=\"font-size: 14pt; font-family: georgia, palatino;\">Impulsar la generaci\u00f3n y desarrollo de proyectos de investigaci\u00f3n.<\/span><\/em><\/span><\/strong><\/li>\n<li style=\"text-align: justify;\"><strong><span style=\"color: #219e9e;\"><em><span style=\"font-size: 14pt; font-family: georgia, palatino;\">Generar espacios de debate e intercambio de conocimientos que se constituyan en instancias de formaci\u00f3n.<\/span><\/em><\/span><\/strong><\/li>\n<li style=\"text-align: justify;\"><strong><span style=\"color: #219e9e;\"><em><span style=\"font-size: 14pt; font-family: georgia, palatino;\">Promover el trabajo colaborativo con los distintos campos de la formaci\u00f3n y\u00a0 actores institucionales.<\/span><\/em><\/span><\/strong><\/li>\n<\/ul>\n<p style=\"text-align: justify;\"><span style=\"color: #000080; font-family: georgia, palatino;\"><span style=\"font-size: 18.6667px;\"><span style=\"font-size: 14pt;\"><strong>Lineamientos de Investigaci\u00f3n Educativa (CPE-NQN Disp. 069\/13): <em><span style=\"color: #1ca39a;\">click<span style=\"color: #0000ff;\"> <a style=\"color: #0000ff;\" title=\"CPE NQN Disp. 069-13 LineamientosInvestigacionEducativa-GrillaPresentaci\u00f3n\" href=\"upload\/CPE_NQN_Disp._069-13_LineamientosInvestigacionEducativa-GrillaPresentacion.PDF\" target=\"_blank\" rel=\"noopener\">aqu\u00ed<\/a> <\/span>para leer y\/o descargar.<\/span><\/em><\/strong><\/span><\/span><\/span><\/p>\n<p style=\"text-align: justify;\">\n<p style=\"text-align: justify;\"><span style=\"color: #000080; font-family: georgia, palatino;\"><span style=\"font-size: 18.6667px;\"><span style=\"font-size: 14pt;\"><strong>Formulario para la presentaci\u00f3n de Proyecto de Investigaci\u00f3n Educativa: <span style=\"color: #2fa8a4;\"><em>click<span style=\"color: #0000ff;\"> <a style=\"color: #0000ff;\" title=\"Presentaci\u00f3n Proyecto Investigaci\u00f3n Educativa\" href=\"upload\/FORMULARIO_ProyectoInvestigacion.docx\" target=\"_blank\" rel=\"noopener\">aqu\u00ed<\/a> <\/span>para descargar.<\/em><\/span><\/strong><\/span><\/span><\/span><\/p>\n","protected":false},"excerpt":{"rendered":"<p>Prof. Luciana Scarpecci\u00a0 Secretaria de Investigaci\u00f3n\u00a0 \u00a0Ricardo Ch\u00e1vez M\u00e9ndez\u00a0(Torre\u00f3n, Coahuila, M\u00e9xico) \u00a0Prop\u00f3sitos Asesorar en relaci\u00f3n al trabajo de investigaci\u00f3n. Impulsar la generaci\u00f3n y desarrollo de proyectos de investigaci\u00f3n. Generar espacios de debate e intercambio de conocimientos que se constituyan en instancias de formaci\u00f3n. Promover el trabajo colaborativo con los distintos campos de la formaci\u00f3n y\u00a0 &#8230; <a title=\"Secretar\u00eda de Investigaci\u00f3n\" class=\"read-more\" href=\"https:\/\/ifd6-nqn.infd.edu.ar\/sitio\/secretaria-de-investigacion\/\" aria-label=\"More on Secretar\u00eda de Investigaci\u00f3n\">[+]<\/a><\/p>\n","protected":false},"author":1392,"featured_media":0,"parent":0,"menu_order":0,"comment_status":"closed","ping_status":"closed","template":"","meta":[],"acf":[],"_links":{"self":[{"href":"https:\/\/ifd6-nqn.infd.edu.ar\/sitio\/wp-json\/wp\/v2\/pages\/880"}],"collection":[{"href":"https:\/\/ifd6-nqn.infd.edu.ar\/sitio\/wp-json\/wp\/v2\/pages"}],"about":[{"href":"https:\/\/ifd6-nqn.infd.edu.ar\/sitio\/wp-json\/wp\/v2\/types\/page"}],"author":[{"embeddable":true,"href":"https:\/\/ifd6-nqn.infd.edu.ar\/sitio\/wp-json\/wp\/v2\/users\/1392"}],"replies":[{"embeddable":true,"href":"https:\/\/ifd6-nqn.infd.edu.ar\/sitio\/wp-json\/wp\/v2\/comments?post=880"}],"version-history":[{"count":2,"href":"https:\/\/ifd6-nqn.infd.edu.ar\/sitio\/wp-json\/wp\/v2\/pages\/880\/revisions"}],"predecessor-version":[{"id":2614,"href":"https:\/\/ifd6-nqn.infd.edu.ar\/sitio\/wp-json\/wp\/v2\/pages\/880\/revisions\/2614"}],"wp:attachment":[{"href":"https:\/\/ifd6-nqn.infd.edu.ar\/sitio\/wp-json\/wp\/v2\/media?parent=880"}],"curies":[{"name":"wp","href":"https:\/\/api.w.org\/{rel}","templated":true}]}}