{"id":895,"date":"2018-06-29T20:40:18","date_gmt":"2018-06-29T23:40:18","guid":{"rendered":"https:\/\/ifd6-nqn.infd.edu.ar\/sitio\/datos-institucionales\/"},"modified":"2025-07-03T19:59:52","modified_gmt":"2025-07-03T22:59:52","slug":"datos-institucionales","status":"publish","type":"page","link":"https:\/\/ifd6-nqn.infd.edu.ar\/sitio\/datos-institucionales\/","title":{"rendered":"Datos de contacto"},"content":{"rendered":"\n<h2 class=\"wp-block-heading\"><span style=\"color: #1d1842;\"><span style=\"font-family: 'trebuchet ms', geneva; font-size: 14pt;\">&nbsp;Ubicaci\u00f3n \/ <\/span><span style=\"font-family: 'trebuchet ms', geneva; font-size: 14pt;\"><strong>Direcci\u00f3n<\/strong><\/span><\/span><\/h2>\n\n\n\n<pre class=\"wp-block-preformatted\"><span style=\"font-family: 'trebuchet ms', geneva; font-size: 12pt; color: #000000;\"><strong>Amancay 620 - Ciudad de Neuqu\u00e9n (Provincia de Neuqu\u00e9n)<\/strong><\/span><\/pre>\n\n\n\n<p>Tel\u00e9fono:<strong> 0299-4429996<\/strong> &#8211; Whatsapp (solo mensajes) <strong>2996296959<\/strong><\/p>\n\n\n\n<p>Correo Electr\u00f3nico para docentes: <strong>ifd006terciario@neuquen.edu.ar<\/strong><\/p>\n\n\n\n<p>Correo Electr\u00f3nico para estudiantes Turno Ma\u00f1ana: <strong>bedeliaifd6tm@gmail.com<\/strong><\/p>\n\n\n\n<p>Correo Electr\u00f3nico para estudiantes Turno Vespertino: <strong>bedeliavespertino@gmail.com <\/strong><\/p>\n\n\n\n<p>URL:<a href=\"http:\/\/ifd6.nqn.infd.edu.ar\/sitio\/\" target=\"_blank\" rel=\"noreferrer noopener\"> http:\/\/ifd6.nqn.infd.edu.ar\/sitio\/<\/a><\/p>\n\n\n\n<p class=\"has-text-align-center\"><iframe loading=\"lazy\" style=\"border: 0;\" src=\"https:\/\/www.google.com\/maps\/embed?pb=!1m18!1m12!1m3!1d1428.0817282659577!2d-68.04112830833074!3d-38.948794446112274!2m3!1f0!2f0!3f0!3m2!1i1024!2i768!4f13.1!3m3!1m2!1s0x960a317c77d80a7d%3A0x1b2dc180465ddf2b!2sInstituto%20Superior%20de%20Formaci%C3%B3n%20Docente%20N%C2%B06!5e1!3m2!1ses-419!2sar!4v1731413227385!5m2!1ses-419!2sar\" width=\"600\" height=\"450\" allowfullscreen=\"allowfullscreen\"><\/iframe><\/p>\n\n\n\n<h2 class=\"wp-block-heading\"><span style=\"font-family: 'trebuchet ms', geneva; font-size: 14pt; color: #1d1842;\"><strong>Horarios<\/strong><\/span><\/h2>\n\n\n\n<pre class=\"wp-block-preformatted\"><span style=\"color: #1d1842;\"><strong><span style=\"font-family: 'trebuchet ms', geneva; font-size: 12pt;\">Turno Ma\u00f1ana: <span style=\"color: #000000;\">8,00 a 13,00 hs.<\/span><br><\/span><\/strong><strong><span style=\"font-family: 'trebuchet ms', geneva; font-size: 12pt;\">Turno Tarde:<span style=\"color: #000000;\"> 13,00 a 17.45 hs.<\/span><br><\/span><\/strong><strong><span style=\"font-family: 'trebuchet ms', geneva; font-size: 12pt;\">Turno Vespertino: <span style=\"color: #000000;\">17,45&nbsp;a 22,45 hs.<\/span><\/span><\/strong><\/span><\/pre>\n","protected":false},"excerpt":{"rendered":"<p>&nbsp;Ubicaci\u00f3n \/ Direcci\u00f3n Amancay 620 &#8211; Ciudad de Neuqu\u00e9n (Provincia de Neuqu\u00e9n) Tel\u00e9fono: 0299-4429996 &#8211; Whatsapp (solo mensajes) 2996296959 Correo Electr\u00f3nico para docentes: ifd006terciario@neuquen.edu.ar Correo Electr\u00f3nico para estudiantes Turno Ma\u00f1ana: bedeliaifd6tm@gmail.com Correo Electr\u00f3nico para estudiantes Turno Vespertino: bedeliavespertino@gmail.com URL: http:\/\/ifd6.nqn.infd.edu.ar\/sitio\/ Horarios Turno Ma\u00f1ana: 8,00 a 13,00 hs.Turno Tarde: 13,00 a 17.45 hs.Turno Vespertino: 17,45&nbsp;a 22,45 &#8230; <a title=\"Datos de contacto\" class=\"read-more\" href=\"https:\/\/ifd6-nqn.infd.edu.ar\/sitio\/datos-institucionales\/\" aria-label=\"More on Datos de contacto\">[+]<\/a><\/p>\n","protected":false},"author":1392,"featured_media":0,"parent":0,"menu_order":0,"comment_status":"closed","ping_status":"closed","template":"","meta":[],"acf":[],"_links":{"self":[{"href":"https:\/\/ifd6-nqn.infd.edu.ar\/sitio\/wp-json\/wp\/v2\/pages\/895"}],"collection":[{"href":"https:\/\/ifd6-nqn.infd.edu.ar\/sitio\/wp-json\/wp\/v2\/pages"}],"about":[{"href":"https:\/\/ifd6-nqn.infd.edu.ar\/sitio\/wp-json\/wp\/v2\/types\/page"}],"author":[{"embeddable":true,"href":"https:\/\/ifd6-nqn.infd.edu.ar\/sitio\/wp-json\/wp\/v2\/users\/1392"}],"replies":[{"embeddable":true,"href":"https:\/\/ifd6-nqn.infd.edu.ar\/sitio\/wp-json\/wp\/v2\/comments?post=895"}],"version-history":[{"count":9,"href":"https:\/\/ifd6-nqn.infd.edu.ar\/sitio\/wp-json\/wp\/v2\/pages\/895\/revisions"}],"predecessor-version":[{"id":2588,"href":"https:\/\/ifd6-nqn.infd.edu.ar\/sitio\/wp-json\/wp\/v2\/pages\/895\/revisions\/2588"}],"wp:attachment":[{"href":"https:\/\/ifd6-nqn.infd.edu.ar\/sitio\/wp-json\/wp\/v2\/media?parent=895"}],"curies":[{"name":"wp","href":"https:\/\/api.w.org\/{rel}","templated":true}]}}