{"id":904,"date":"2018-06-29T20:40:21","date_gmt":"2018-06-29T23:40:21","guid":{"rendered":"https:\/\/ifd6-nqn.infd.edu.ar\/sitio\/historia\/"},"modified":"2021-11-19T10:45:39","modified_gmt":"2021-11-19T13:45:39","slug":"historia","status":"publish","type":"page","link":"https:\/\/ifd6-nqn.infd.edu.ar\/sitio\/historia\/","title":{"rendered":"Historia"},"content":{"rendered":"<p class=\"MsoNormal\" style=\"margin: 0cm 0cm 0pt; text-align: justify;\"><span style=\"font-size: 12pt; font-family: Times New Roman;\"><img decoding=\"async\" loading=\"lazy\" src=\"https:\/\/ifd6-nqn.infd.edu.ar\/sitio\/wp-content\/uploads\/2018\/06\/ACO_DE_COLACION.jpg\" border=\"0\" width=\"343\" height=\"318\">&nbsp;<span style=\"font-family: 'trebuchet ms', geneva, sans-serif;\">En el a\u00f1o 1978 por Resol. Ministerial N\u00b0 1353\/78 se crea la Escuela Normal Provincial del Magisterio con habilitaci\u00f3n Nacional por no contar con maestros para desempe\u00f1arse en la ense\u00f1anza obligatoria, cargos que eran ocupados por Bachilleres y Peritos Mercantiles. Funcionaba en el edificio ubicado en la Calle Salta y Belgrano, siendo la primera Directora Marta Catalina Yedaide (Prof. en Ciencias de Educaci\u00f3n). Al a\u00f1o siguiente, la escuela se traslada al edificio escolar sito en Amancay N\u00b0 620, donde actualmente sigue desarrollando sus actividades acad\u00e9micas, el ISFD N\u00b0 6.<\/span><\/span><\/p>\n<p class=\"MsoNormal\" style=\"margin: 0cm 0cm 0pt; text-align: justify;\"><span style=\"font-size: 12pt; font-family: Times New Roman;\">&nbsp;<\/span><\/p>\n<p class=\"MsoNormal\" style=\"margin: 0cm 0cm 0pt; text-align: justify;\"><span style=\"font-size: 12pt; font-family: 'trebuchet ms', geneva, sans-serif;\">En 1980 se crea el Dpto Aplicaci\u00f3n con un Jard\u00edn de Infantes Anexo, sobre la base de la Escuela N\u00b0 143 y el Dpto. de Ense\u00f1anza Media, siendo la Regente del Dpto. de Aplicaci\u00f3n: Elena Modolo de Marr\u00f3n, la Secretaria: Marta Waisman de Rinz y la Regente del Dpto. de Ense\u00f1anza Media: Mar\u00eda Teresa Mart\u00ednez <\/span><\/p>\n<p class=\"MsoNormal\" style=\"margin: 0cm 0cm 0pt;\"><span style=\"font-size: 12pt; font-family: Times New Roman;\">&nbsp;<img decoding=\"async\" loading=\"lazy\" style=\"display: block; margin-left: auto; margin-right: auto;\" src=\"https:\/\/ifd6-nqn.infd.edu.ar\/sitio\/wp-content\/uploads\/2018\/06\/FOTO_BANDERA_D_CEREMONIA1.jpg\" border=\"0\" width=\"376\" height=\"313\"><\/span><\/p>\n<p class=\"MsoNormal\" style=\"margin: 0cm 0cm 0pt; text-align: center;\">&nbsp;<\/p>\n<p class=\"MsoNormal\" style=\"margin: 0cm 0cm 0pt; text-align: justify;\"><span style=\"font-family: 'trebuchet ms', geneva, sans-serif;\"><span style=\"font-size: 12pt;\">&nbsp;<\/span><span style=\"font-size: 12pt;\">Los primeros egresados de Escuela de Magisterio como Maestros Normales fueron:<\/span><\/span><\/p>\n<p class=\"MsoNormal\" style=\"margin: 0cm 0cm 0pt; text-align: justify;\"><span style=\"font-size: 12pt; font-family: 'trebuchet ms', geneva, sans-serif;\">Abelli, Adriana Mar\u00eda; Castillo Barrientos, Silvana Ang\u00e9lica; De la Fuente, Mar\u00eda del Pilar; Lucero, Mar\u00eda Alejandra; Murphy, Gabriela Alicia; Pascal, Pamela Beatriz; P\u00e9rez, M\u00f3nica Sandra; Prunetti, N\u00e9lida; Rold\u00e1n, Mar\u00eda del Carmen; Rodr\u00edguez, Sandra Viviana; V\u00e1caro, Carlos Alberto (11 en total).<\/span><\/p>\n<p class=\"MsoNormal\" style=\"margin: 0cm 0cm 0pt; text-align: justify;\"><span style=\"font-size: 12pt; font-family: Times New Roman;\">&nbsp;<\/span><\/p>\n<p class=\"MsoNormal\" style=\"margin: 0cm 0cm 0pt; text-align: justify;\"><span style=\"font-size: 12pt; font-family: 'trebuchet ms', geneva, sans-serif;\">En 1983 Jerarquizando la profesionalizaci\u00f3n de la tarea docente, se crea por Resol. Ministerial N\u00b0 1080\/83, Instituto Superior de Formaci\u00f3n y Perfeccionamiento Docente N\u00b0 6 que otorgar\u00eda el t\u00edtulo de Nivel Superior: Profesor para la Ense\u00f1anza Primaria. <span style=\"mso-spacerun: yes;\">&nbsp;<\/span><\/span><\/p>\n<p class=\"MsoNormal\" style=\"margin: 0cm 0cm 0pt; text-align: justify;\"><span style=\"font-size: 12pt; font-family: 'trebuchet ms', geneva, sans-serif;\">&nbsp;<\/span><\/p>\n<p class=\"MsoNormal\" style=\"margin: 0cm 0cm 0pt; text-align: justify;\"><span style=\"font-family: 'trebuchet ms', geneva, sans-serif;\"><span style=\"font-size: 12pt;\">Primeros egresados del I.S.F.D. N\u00b06: Alonso, Nora Lina; <span style=\"mso-spacerun: yes;\">&nbsp;<\/span>Arias, Alicia Noem\u00ed; Balmaceda, Patricia Elizabeth; Domene, Mar\u00eda Susana; Gonz\u00e1lez, Edith; Macaya, Mar\u00eda Noem\u00ed;<span style=\"mso-spacerun: yes;\">&nbsp; <\/span>Trpin, Mar\u00eda. <\/span><\/span><\/p>\n<p class=\"MsoNormal\" style=\"margin: 0cm 0cm 0pt; text-align: justify;\"><span style=\"font-size: 12pt; font-family: 'trebuchet ms', geneva, sans-serif;\">&nbsp;<\/span><\/p>\n<p class=\"MsoNormal\" style=\"margin: 0cm 0cm 0pt; text-align: justify;\"><span style=\"font-family: 'trebuchet ms', geneva, sans-serif;\"><span style=\"font-size: 12pt;\">Tambi\u00e9n en el mismo a\u00f1o 1983 Por Resol. 2064\/86 el Consejo Provincial de Educaci\u00f3n del Nqn. acepta el padrinazgo del ISFD N\u00b06 por parte de C\u00e1mara de Libreros, Papeleros y Actividades afines; celebr\u00e1ndose el acto el d\u00eda 24 de noviembre del mismo a\u00f1o, en el cual se entrega nuevas Banderas de Ceremonia. <\/span><\/span><\/p>\n<p class=\"MsoNormal\" style=\"margin: 0cm 0cm 0pt; text-align: justify;\"><span style=\"font-size: 12pt; font-family: Times New Roman;\">&nbsp;<\/span><\/p>\n<p class=\"MsoNormal\" style=\"margin: 0cm 0cm 0pt; text-align: justify;\"><span style=\"font-family: 'trebuchet ms', geneva, sans-serif;\"><span style=\"font-size: 12pt;\">En sus inicios se contaba con una sola comisi\u00f3n para la carrera que se ofrec\u00eda. Actualmente el ISFD N\u00b06 con su Dpto. de Aplicaci\u00f3n, atiende a los niveles: Inicial, Primaria, Terciaria (Profesorado&nbsp;de Educaci\u00f3n Primaria y Profesorado&nbsp;de Educaci\u00f3n Inicial) y Postitulaciones (Actualizaci\u00f3n y Especializaci\u00f3n Superior en Gesti\u00f3n y Organizaci\u00f3n de Instituciones Educativas), respondiendo a las demandas y requerimientos del Sistema Educativo Provincial, registrando una matr\u00edcula aproximada de 1500 estudiantes.<\/span><\/span><\/p>\n<p class=\"MsoNormal\" style=\"margin: 0cm 0cm 0pt;\"><span style=\"font-size: 12pt; font-family: Times New Roman;\">&nbsp;<img decoding=\"async\" loading=\"lazy\" style=\"display: block; margin-left: auto; margin-right: auto;\" src=\"https:\/\/ifd6-nqn.infd.edu.ar\/sitio\/wp-content\/uploads\/2018\/06\/FOTO_BANDERA_D_CEREMONIA2.jpg\" border=\"0\" width=\"407\" height=\"481\"><\/span><\/p>\n<p class=\"MsoNormal\" style=\"margin: 0cm 0cm 0pt; text-align: justify;\"><span style=\"font-size: 12pt; font-family: 'trebuchet ms', geneva, sans-serif;\">Con un cuerpo directivo y docente que la prestigian dada su titulaci\u00f3n de grado, compromiso y responsabilidad compartida, la instituci\u00f3n contin\u00faa bregado por la excelencia de los procesos de ense\u00f1anza y de aprendizaje, proyectando su quehacer hacia la comunidad de la provincia, con la idea de aportar lo mejor de s\u00ed para el permanente mejoramiento de la Calidad Educativa. Con este rumbo, ha concretado y despliega m\u00faltiples y diversas l\u00edneas de acci\u00f3n y actividades de extensi\u00f3n e investigaci\u00f3n: Por ejemplo el I y II Foro de Innovaciones Educativas: \u201cFortalezas en la construcci\u00f3n de la Pr\u00e1ctica Docente\u201d. Como as\u00ed tambi\u00e9n ha sido seleccionada y reconocida por el Ministerio de Educaci\u00f3n de la Naci\u00f3n en Programas tales como: Polos de Desarrollo, Renovaci\u00f3n Pedag\u00f3gica, Centro de Actualizaci\u00f3n e Innovaci\u00f3n del Sistema Educativo, Ciclo de Formaci\u00f3n Profesional para Equipos Directivos de IFD, Mejora Institucional, Acompa\u00f1amiento Docentes Noveles, Interculturalidad y biling\u00fcismo, Facilitadores de Nuevas Tecnolog\u00edas de la Informaci\u00f3n y Comunicaci\u00f3n, entre otros. En este marco, algunos proyectos que se implementaron con participaci\u00f3n activa y protag\u00f3nica de alumnos y docentes fueron premiados a nivel nacional, entre los cuales se menciona: Escuelas abiertas para la libertad: \u201cA 30 a\u00f1os del golpe\u201d; XXX Feria-Muestra Ciencias y Tecnolog\u00edas con fortalecimiento de la actividad cient\u00edfica en el aula: \u201cSemillas en red\u201d.<span style=\"mso-spacerun: yes;\">&nbsp; <\/span>\u201cLaboratorio para la Formaci\u00f3n Orientada\u201d, \u201cBeca Lengua Maternal\u201d. <\/span><\/p>\n<p class=\"MsoNormal\" style=\"margin: 0cm 0cm 0pt; text-align: justify;\"><span style=\"font-size: 12pt; font-family: 'trebuchet ms', geneva, sans-serif;\">&nbsp;<\/span><\/p>\n<p class=\"MsoNormal\" style=\"margin: 0cm 0cm 0pt; text-align: justify;\"><span style=\"font-size: 12pt; font-family: 'trebuchet ms', geneva, sans-serif;\">El Prof. Abel Oscar Marchisio, ex-Director del ISFD N\u00ba 6, quiso recordar en la presente rese\u00f1a hist\u00f3rica a quienes les correspondi\u00f3 la tarea de gestionar y conducir durante estos 30 a\u00f1os de trayectoria acad\u00e9mico-institucional. Adem\u00e1s de la Directora fundante, Prof. Marta Catalina Yedaide, a la Prof. Lilian Hermela Figueredo, a la Prof. Dora Vera y a la Prof. Mar\u00eda Mercedes Saracho. Tambi\u00e9n a las Regentes del Departamento de Aplicaci\u00f3n. Adem\u00e1s de Elena Modolo de Marr\u00f3n, Ana Gomiz, Vilma Charra, Gladys Di Rienzo y Alicia Ortega, asimismo a los miembros integrantes del Consejo Directivo, docentes y no docentes que asesoran, colaboran para el logro de objetivos, metas y razones socio-cultural-educativas, acompa\u00f1ando en la vida institucional. <\/span><\/p>\n<p class=\"MsoNormal\" style=\"margin: 0cm 0cm 0pt; text-align: justify;\"><span style=\"mso-spacerun: yes;\"><span style=\"font-size: 12pt; font-family: Times New Roman;\">&nbsp;<img decoding=\"async\" loading=\"lazy\" src=\"https:\/\/ifd6-nqn.infd.edu.ar\/sitio\/wp-content\/uploads\/2018\/06\/DSC00032.jpg\" border=\"0\" width=\"463\" height=\"242\"><\/span><\/span><\/p>\n<p>&nbsp;<img decoding=\"async\" loading=\"lazy\" src=\"https:\/\/ifd6-nqn.infd.edu.ar\/sitio\/wp-content\/uploads\/2018\/06\/DSC00004.jpg\" border=\"0\" width=\"460\" height=\"359\"><\/p>\n","protected":false},"excerpt":{"rendered":"<p>&nbsp;En el a\u00f1o 1978 por Resol. Ministerial N\u00b0 1353\/78 se crea la Escuela Normal Provincial del Magisterio con habilitaci\u00f3n Nacional por no contar con maestros para desempe\u00f1arse en la ense\u00f1anza obligatoria, cargos que eran ocupados por Bachilleres y Peritos Mercantiles. Funcionaba en el edificio ubicado en la Calle Salta y Belgrano, siendo la primera Directora &#8230; <a title=\"Historia\" class=\"read-more\" href=\"https:\/\/ifd6-nqn.infd.edu.ar\/sitio\/historia\/\" aria-label=\"More on Historia\">[+]<\/a><\/p>\n","protected":false},"author":1392,"featured_media":0,"parent":0,"menu_order":0,"comment_status":"closed","ping_status":"closed","template":"","meta":[],"acf":[],"_links":{"self":[{"href":"https:\/\/ifd6-nqn.infd.edu.ar\/sitio\/wp-json\/wp\/v2\/pages\/904"}],"collection":[{"href":"https:\/\/ifd6-nqn.infd.edu.ar\/sitio\/wp-json\/wp\/v2\/pages"}],"about":[{"href":"https:\/\/ifd6-nqn.infd.edu.ar\/sitio\/wp-json\/wp\/v2\/types\/page"}],"author":[{"embeddable":true,"href":"https:\/\/ifd6-nqn.infd.edu.ar\/sitio\/wp-json\/wp\/v2\/users\/1392"}],"replies":[{"embeddable":true,"href":"https:\/\/ifd6-nqn.infd.edu.ar\/sitio\/wp-json\/wp\/v2\/comments?post=904"}],"version-history":[{"count":1,"href":"https:\/\/ifd6-nqn.infd.edu.ar\/sitio\/wp-json\/wp\/v2\/pages\/904\/revisions"}],"predecessor-version":[{"id":2133,"href":"https:\/\/ifd6-nqn.infd.edu.ar\/sitio\/wp-json\/wp\/v2\/pages\/904\/revisions\/2133"}],"wp:attachment":[{"href":"https:\/\/ifd6-nqn.infd.edu.ar\/sitio\/wp-json\/wp\/v2\/media?parent=904"}],"curies":[{"name":"wp","href":"https:\/\/api.w.org\/{rel}","templated":true}]}}